{"id":137,"date":"2022-05-16T22:16:03","date_gmt":"2022-05-16T20:16:03","guid":{"rendered":"http:\/\/sitev2.elswing.fr\/?page_id=137"},"modified":"2025-05-14T18:27:42","modified_gmt":"2025-05-14T16:27:42","slug":"lecole-des-fees","status":"publish","type":"page","link":"https:\/\/sitev2.elswing.fr\/index.php\/lecole-des-fees\/","title":{"rendered":"L&rsquo;\u00e9cole des f\u00e9es"},"content":{"rendered":"\n<p>Bienvenue sur cette page de pr\u00e9sentation des formations disponibles dans l&rsquo;\u00e9cole des f\u00e9es<\/p>\n\n\n\n<p>Pour ceux qui souhaitent aller plus loin dans la compr\u00e9hension de l\u2019univers et la d\u00e9couverte des \u00e9l\u00e9mentaux qui les entourent, Elswing vous propose diverses formations sur divers univers qui peuvent vous int\u00e9resser.<\/p>\n\n\n\n<p><strong>Ces formations sont disponibles lors des journ\u00e9es de formation en groupe  ou en pr\u00e9sentiel avec l&rsquo;achat d&rsquo;une journ\u00e9e th\u00e9rapeutique.<\/strong><\/p>\n\n\n\n<figure class=\"wp-block-video\"><video height=\"1080\" style=\"aspect-ratio: 1920 \/ 1080;\" width=\"1920\" controls src=\"https:\/\/sitev2.elswing.fr\/wp-content\/uploads\/2025\/05\/presentation_ecole_des_fees-1080p.mp4\"><\/video><\/figure>\n\n\n\n<h3 class=\"wp-block-heading\"><strong>Comment communiquer avec les petites f\u00e9es <\/strong><\/h3>\n\n\n\n<div class=\"wp-block-columns is-layout-flex wp-container-core-columns-is-layout-9d6595d7 wp-block-columns-is-layout-flex\">\n<div class=\"wp-block-column is-layout-flow wp-block-column-is-layout-flow\">\n<figure class=\"wp-block-image size-large is-style-default\"><img loading=\"lazy\" decoding=\"async\" width=\"1024\" height=\"682\" src=\"https:\/\/sitev2.elswing.fr\/wp-content\/uploads\/2022\/05\/gothic-1317139_1280-1024x682.jpg\" alt=\"\" class=\"wp-image-171\" srcset=\"https:\/\/sitev2.elswing.fr\/wp-content\/uploads\/2022\/05\/gothic-1317139_1280-1024x682.jpg 1024w, https:\/\/sitev2.elswing.fr\/wp-content\/uploads\/2022\/05\/gothic-1317139_1280-300x200.jpg 300w, https:\/\/sitev2.elswing.fr\/wp-content\/uploads\/2022\/05\/gothic-1317139_1280-768x512.jpg 768w, https:\/\/sitev2.elswing.fr\/wp-content\/uploads\/2022\/05\/gothic-1317139_1280.jpg 1280w\" sizes=\"auto, (max-width: 767px) 89vw, (max-width: 1000px) 54vw, (max-width: 1071px) 543px, 580px\" \/><\/figure>\n<\/div>\n\n\n\n<div class=\"wp-block-column is-layout-flow wp-block-column-is-layout-flow\">\n<p>Ce programme est destin\u00e9 aux personnes en qu\u00eate de communication avec le monde des petites f\u00e9es et permet de se reconnecter \u00e0 leurs royaumes. Vous trouverez dans ce programme tous les moyens de les faire venir \u00e0 vous, de faire resurgir leur magie dans votre vie et vous aider dans tous vos projets personnels et familiaux . Bienvenue dans le monde des \u00e9l\u00e9mentaux.<\/p>\n<\/div>\n<\/div>\n\n\n\n<h3 class=\"wp-block-heading\"><strong><a href=\"http:\/\/elswing.fr\/wp-content\/uploads\/2019\/03\/53595930_254747902138839_7751658989884014592_n.jpg\"><\/a>Comment communiquer avec les archanges et les ma\u00eetres ascensionnes? : <\/strong><\/h3>\n\n\n\n<div class=\"wp-block-columns is-layout-flex wp-container-core-columns-is-layout-9d6595d7 wp-block-columns-is-layout-flex\">\n<div class=\"wp-block-column is-layout-flow wp-block-column-is-layout-flow\"><div class=\"wp-block-image\">\n<figure class=\"aligncenter size-full is-resized\"><img loading=\"lazy\" decoding=\"async\" width=\"381\" height=\"496\" src=\"https:\/\/sitev2.elswing.fr\/wp-content\/uploads\/2022\/05\/metatron.jpeg\" alt=\"\" class=\"wp-image-185\" style=\"width:239px;height:310px\" srcset=\"https:\/\/sitev2.elswing.fr\/wp-content\/uploads\/2022\/05\/metatron.jpeg 381w, https:\/\/sitev2.elswing.fr\/wp-content\/uploads\/2022\/05\/metatron-230x300.jpeg 230w\" sizes=\"auto, (max-width: 381px) 100vw, 381px\" \/><\/figure>\n<\/div><\/div>\n\n\n\n<div class=\"wp-block-column is-layout-flow wp-block-column-is-layout-flow\">\n<p>Ce programme va vous permettre de faire venir l\u2019abondance et de communiquer avec les anges et archanges de votre quotidien, pour mettre en pratique des demandes actives dans votre vie. <\/p>\n\n\n\n<p>Faites connaissance avec les rayons des archanges et apprenez \u00e0 les utiliser selon vos besoins.<\/p>\n<\/div>\n<\/div>\n\n\n\n<h3 class=\"wp-block-heading\"><strong>Rencontre avec les dragons :<\/strong><\/h3>\n\n\n\n<div class=\"wp-block-columns is-layout-flex wp-container-core-columns-is-layout-9d6595d7 wp-block-columns-is-layout-flex\">\n<div class=\"wp-block-column is-layout-flow wp-block-column-is-layout-flow\">\n<figure class=\"wp-block-image size-large\"><img loading=\"lazy\" decoding=\"async\" width=\"1024\" height=\"622\" src=\"https:\/\/sitev2.elswing.fr\/wp-content\/uploads\/2022\/05\/dragon-3462724_1920-1024x622.jpg\" alt=\"\" class=\"wp-image-173\" srcset=\"https:\/\/sitev2.elswing.fr\/wp-content\/uploads\/2022\/05\/dragon-3462724_1920-1024x622.jpg 1024w, https:\/\/sitev2.elswing.fr\/wp-content\/uploads\/2022\/05\/dragon-3462724_1920-300x182.jpg 300w, https:\/\/sitev2.elswing.fr\/wp-content\/uploads\/2022\/05\/dragon-3462724_1920-768x467.jpg 768w, https:\/\/sitev2.elswing.fr\/wp-content\/uploads\/2022\/05\/dragon-3462724_1920-1536x934.jpg 1536w, https:\/\/sitev2.elswing.fr\/wp-content\/uploads\/2022\/05\/dragon-3462724_1920.jpg 1920w\" sizes=\"auto, (max-width: 767px) 89vw, (max-width: 1000px) 54vw, (max-width: 1071px) 543px, 580px\" \/><\/figure>\n<\/div>\n\n\n\n<div class=\"wp-block-column is-layout-flow wp-block-column-is-layout-flow\">\n<p>Ce programme est destin\u00e9 \u00e0 tous ceux qui veulent faire connaissance avec les dragons. Apprendre les diff\u00e9rents types, la signification de leur couleur et de leurs \u00e9l\u00e9ments. A quoi ils servent .Et surtout apprendre \u00e0 rentrer en contact avec son dragon int\u00e9rieur pour apprendre \u00e0 travailler avec eux.<\/p>\n<\/div>\n<\/div>\n\n\n\n<p>Attention : Pour des raisons de mise en place de cette formation, celle-ci est uniquement propos\u00e9e en pr\u00e9sentiel et peut \u00eatre choisie comme atelier lors d&rsquo;une journ\u00e9e th\u00e9rapeutique.<\/p>\n\n\n\n<h3 class=\"wp-block-heading\"><strong>L\u2019esprit Roi des arbres : <\/strong><\/h3>\n\n\n\n<div class=\"wp-block-columns is-layout-flex wp-container-core-columns-is-layout-9d6595d7 wp-block-columns-is-layout-flex\">\n<div class=\"wp-block-column is-layout-flow wp-block-column-is-layout-flow\">\n<figure class=\"wp-block-image size-large\"><img loading=\"lazy\" decoding=\"async\" width=\"1024\" height=\"682\" src=\"https:\/\/sitev2.elswing.fr\/wp-content\/uploads\/2022\/05\/trees-3822149_1920-1024x682.jpg\" alt=\"\" class=\"wp-image-174\" srcset=\"https:\/\/sitev2.elswing.fr\/wp-content\/uploads\/2022\/05\/trees-3822149_1920-1024x682.jpg 1024w, https:\/\/sitev2.elswing.fr\/wp-content\/uploads\/2022\/05\/trees-3822149_1920-300x200.jpg 300w, https:\/\/sitev2.elswing.fr\/wp-content\/uploads\/2022\/05\/trees-3822149_1920-768x511.jpg 768w, https:\/\/sitev2.elswing.fr\/wp-content\/uploads\/2022\/05\/trees-3822149_1920-1536x1022.jpg 1536w, https:\/\/sitev2.elswing.fr\/wp-content\/uploads\/2022\/05\/trees-3822149_1920.jpg 1920w\" sizes=\"auto, (max-width: 767px) 89vw, (max-width: 1000px) 54vw, (max-width: 1071px) 543px, 580px\" \/><\/figure>\n<\/div>\n\n\n\n<div class=\"wp-block-column is-layout-flow wp-block-column-is-layout-flow\">\n<p>L\u2019esprit roi des arbres est une formation qui devrait s\u00e9duire les amoureux de la nature et des arbres. <\/p>\n\n\n\n<p>Il va vous permettre de vous familiariser avec leur esprit, leur personnalit\u00e9, leurs caract\u00e9ristiques, comprendre leur conscience et comment respecter m\u00e8re nature. Je vous montrerai la conscience des arbres dans plusieurs pays et un dossier vous sera remis a la fin du cours pour compl\u00e9ter la formation. <\/p>\n\n\n\n<p>Elswing vous fera d\u00e9couvrir la sagesse ancienne de l\u2019homme vert ainsi que l\u2019alphabet des arbres. Un beau voyage vous attend.<\/p>\n<\/div>\n<\/div>\n\n\n\n<div class=\"wp-block-buttons is-layout-flex wp-block-buttons-is-layout-flex\"><\/div>\n\n\n\n<p><\/p>\n","protected":false},"excerpt":{"rendered":"<p>Bienvenue sur cette page de pr\u00e9sentation des formations disponibles dans l&rsquo;\u00e9cole des f\u00e9es Pour ceux qui souhaitent aller plus loin dans la compr\u00e9hension de l\u2019univers et la d\u00e9couverte des \u00e9l\u00e9mentaux qui les entourent, Elswing vous propose diverses formations sur divers univers qui peuvent vous int\u00e9resser. Ces formations sont disponibles lors des journ\u00e9es de formation en &hellip; <\/p>\n<p class=\"link-more\"><a href=\"https:\/\/sitev2.elswing.fr\/index.php\/lecole-des-fees\/\" class=\"more-link\">Continuer la lecture<span class=\"screen-reader-text\"> de &laquo;&nbsp;L&rsquo;\u00e9cole des f\u00e9es&nbsp;&raquo;<\/span><\/a><\/p>\n","protected":false},"author":1,"featured_media":141,"parent":0,"menu_order":0,"comment_status":"closed","ping_status":"closed","template":"","meta":{"footnotes":""},"class_list":["post-137","page","type-page","status-publish","has-post-thumbnail","hentry"],"_links":{"self":[{"href":"https:\/\/sitev2.elswing.fr\/index.php\/wp-json\/wp\/v2\/pages\/137","targetHints":{"allow":["GET"]}}],"collection":[{"href":"https:\/\/sitev2.elswing.fr\/index.php\/wp-json\/wp\/v2\/pages"}],"about":[{"href":"https:\/\/sitev2.elswing.fr\/index.php\/wp-json\/wp\/v2\/types\/page"}],"author":[{"embeddable":true,"href":"https:\/\/sitev2.elswing.fr\/index.php\/wp-json\/wp\/v2\/users\/1"}],"replies":[{"embeddable":true,"href":"https:\/\/sitev2.elswing.fr\/index.php\/wp-json\/wp\/v2\/comments?post=137"}],"version-history":[{"count":16,"href":"https:\/\/sitev2.elswing.fr\/index.php\/wp-json\/wp\/v2\/pages\/137\/revisions"}],"predecessor-version":[{"id":235,"href":"https:\/\/sitev2.elswing.fr\/index.php\/wp-json\/wp\/v2\/pages\/137\/revisions\/235"}],"wp:featuredmedia":[{"embeddable":true,"href":"https:\/\/sitev2.elswing.fr\/index.php\/wp-json\/wp\/v2\/media\/141"}],"wp:attachment":[{"href":"https:\/\/sitev2.elswing.fr\/index.php\/wp-json\/wp\/v2\/media?parent=137"}],"curies":[{"name":"wp","href":"https:\/\/api.w.org\/{rel}","templated":true}]}}