{"id":147,"date":"2022-05-16T23:10:36","date_gmt":"2022-05-16T21:10:36","guid":{"rendered":"http:\/\/sitev2.elswing.fr\/?page_id=147"},"modified":"2022-05-16T23:13:29","modified_gmt":"2022-05-16T21:13:29","slug":"conditions-generales-de-ventes","status":"publish","type":"page","link":"https:\/\/sitev2.elswing.fr\/index.php\/conditions-generales-de-ventes\/","title":{"rendered":"Conditions G\u00e9n\u00e9rales de Ventes"},"content":{"rendered":"\n<h2 class=\"wp-block-heading\"><strong><u>CONDITIONS GENERALES DE VENTE<\/u><\/strong><\/h2>\n\n\n\n<h2 class=\"wp-block-heading\">Applicables \u00e0 compter du 01\/01\/2020<\/h2>\n\n\n\n<h2 class=\"wp-block-heading\">Clause n\u00b0 1 : Objet et champ d&rsquo;application<\/h2>\n\n\n\n<p>Les pr\u00e9sentes conditions g\u00e9n\u00e9rales de vente (CGV) constituent le socle de la n\u00e9gociation commerciale et sont syst\u00e9matiquement adress\u00e9es ou remises \u00e0 chaque acheteur pour lui permettre de passer commande.<\/p>\n\n\n\n<p>Les conditions g\u00e9n\u00e9rales de vente d\u00e9crites ci-apr\u00e8s d\u00e9taillent les droits et obligations de la soci\u00e9t\u00e9 de Caroline Cloarec, d\u00e9sign\u00e9 ci apr\u00e8s par Elswing, et de son client dans le cadre de la vente des marchandises suivantes : bijoux, tableaux, attrapes r\u00eaves r\u00e9alis\u00e9s par La soci\u00e9t\u00e9 Elswing. De la m\u00eame mani\u00e8re les CGV dans le cadre de la vente des services suivants : Guidances divines, guidances divines avanc\u00e9es, soins des chakras, lib\u00e9ration karmique, les journ\u00e9es th\u00e9rapeutiques et les formations propos\u00e9es telle que la formation des petites f\u00e9es, celle des dragons, de l&rsquo;esprit roi des arbres ou encore la formation des anges et archanges.<\/p>\n\n\n\n<p>Toute acceptation du devis\/bon de commande en ce compris la clause \u00ab Je reconnais avoir pris connaissance et j&rsquo;accepte les conditions g\u00e9n\u00e9rales de vente ci-annex\u00e9es \u00bb implique l&rsquo;adh\u00e9sion sans r\u00e9serve de l&rsquo;acheteur aux pr\u00e9sentes conditions g\u00e9n\u00e9rales de vente.<\/p>\n\n\n\n<h2 class=\"wp-block-heading\">Clause n\u00b0 2 : Prix<\/h2>\n\n\n\n<p>Les prix des marchandises vendues sont ceux en vigueur au jour de la prise de commande. Ils sont libell\u00e9s en euros et calcul\u00e9s hors taxes. Par voie de cons\u00e9quence, ils seront major\u00e9s des frais de transport applicables au jour de la commande.<\/p>\n\n\n\n<p>La soci\u00e9t\u00e9 Elswing s&rsquo;accorde le droit de modifier ses tarifs \u00e0 tout moment. Toutefois, elle s&rsquo;engage \u00e0 facturer les marchandises command\u00e9es aux prix indiqu\u00e9s lors de l&rsquo;enregistrement de la commande.<\/p>\n\n\n\n<h2 class=\"wp-block-heading\">Clause n\u00b0 3 : Rabais et ristournes<\/h2>\n\n\n\n<p>Les tarifs propos\u00e9s comprennent les rabais et ristournes que la soci\u00e9t\u00e9 Elswing serait amen\u00e9e \u00e0 octroyer compte tenu de ses r\u00e9sultats ou de la prise en charge par l&rsquo;acheteur de certaines prestations.<\/p>\n\n\n\n<h2 class=\"wp-block-heading\">Clause n\u00b0 4 : Escompte<\/h2>\n\n\n\n<p>Aucun escompte ne sera consenti en cas de paiement anticip\u00e9.<\/p>\n\n\n\n<h2 class=\"wp-block-heading\">Clause n\u00b0 5 : Modalit\u00e9s de paiement<\/h2>\n\n\n\n<p>Le r\u00e8glement des commandes s&rsquo;effectue :<\/p>\n\n\n\n<ul class=\"wp-block-list\"><li>soit par ch\u00e8que ;<\/li><li>soit par carte bancaire via stripe ;<\/li><li>Soit par Paypal<\/li><\/ul>\n\n\n\n<p>Les r\u00e8glements seront effectu\u00e9s aux conditions suivantes :<\/p>\n\n\n\n<ul class=\"wp-block-list\"><li>Paiement le jour m\u00eame de la commande<\/li><\/ul>\n\n\n\n<p>ou<\/p>\n\n\n\n<ul class=\"wp-block-list\"><li>Paiement au pr\u00e9alable en cas de ch\u00e8que. <\/li><\/ul>\n\n\n\n<p>ou<\/p>\n\n\n\n<ul class=\"wp-block-list\"><li>Paiement le jour m\u00eame de la prestation en cas d&rsquo;achats compl\u00e9mentaires<\/li><\/ul>\n\n\n\n<h2 class=\"wp-block-heading\">Clause n\u00b0 6 : D\u00e9lais et droits de r\u00e9tractation<\/h2>\n\n\n\n<p>L&rsquo;acheteur dispose d&rsquo;un d\u00e9lai de 14 jours pour exercer son droit de r\u00e9tractation, sans avoir \u00e0 justifier de motifs, ni \u00e0 payer des p\u00e9nalit\u00e9s, \u00e0 l&rsquo;exception des frais de retour. Ce d\u00e9lai est de 14 jours francs \u00e0 compter de la r\u00e9ception des biens ou de l&rsquo;acceptation de l&rsquo;offre pour les prestations de services.<\/p>\n\n\n\n<p>Lorsque le d\u00e9lai de 14 jours expire un samedi, un dimanche ou un jour f\u00e9ri\u00e9 ou ch\u00f4m\u00e9, il est prolong\u00e9 jusqu&rsquo;au\u00a0premier jour ouvrable suivant.<\/p>\n\n\n\n<p>Dans le cadre d\u2019une\u00a0souscription\u00a0de\u00a0prestation de service, le consommateur dispose d\u2019un d\u00e9lai de r\u00e9tractation de 14 jours, sans p\u00e9nalit\u00e9, \u00e9galement, mais\u00a0\u00e0 compter de l\u2019acceptation de l\u2019offre. Il ne pourra plus exercer ce droit \u00e0 partir du moment o\u00f9 la\u00a0prestation a d\u00e9but\u00e9 avec l\u2019accord du client.<\/p>\n\n\n\n<p>En ce qui concerne la\u00a0vente de produits d\u00e9mat\u00e9rialis\u00e9s comme les formations en ligne, le\u00a0t\u00e9l\u00e9chargement ou le visionnage des \u00e9l\u00e9ments de la formation\u00a0implique la\u00a0fin du droit de r\u00e9tractation.<\/p>\n\n\n\n<p>Lorsque le droit de r\u00e9tractation est exerc\u00e9, le professionnel est tenu de\u00a0rembourser\u00a0le consommateur de la\u00a0totalit\u00e9 des sommes vers\u00e9es\u00a0dans les meilleurs d\u00e9lais et au plus tard\u00a0dans les 30 jours qui suivent la date de r\u00e9tractation. Au del\u00e0, la somme due est productrice d&rsquo;int\u00e9r\u00eats au taux l\u00e9gal en vigueur.<\/p>\n\n\n\n<p>Ce\u00a0remboursement s&rsquo;effectue par tous moyens de paiement\u00a0(recr\u00e9dit Carte Bleue, Ch\u00e8que, Virement). Cela implique que le professionnel ne peut d\u00e9sormais plus remettre un avoir au consommateur, sauf accord de celui-ci apr\u00e8s l\u2019annulation de la commande<\/p>\n\n\n\n<p>Exceptions :<\/p>\n\n\n\n<p>Dans le cadre de la vente \u00e0 distance de services, le droit de r\u00e9tractation\u00a0ne peut \u00eatre exerc\u00e9,  pour les contrats :<\/p>\n\n\n\n<ul class=\"wp-block-list\"><li>De services dont\u00a0<strong>l\u2019ex\u00e9cution a commenc\u00e9<\/strong>, avec l\u2019accord du consommateur, avant la fin du d\u00e9lai de 14 jours francs<\/li><li>De fournitures de\u00a0<strong>biens confectionn\u00e9s selon les sp\u00e9cifications<\/strong>\u00a0du consommateur ou nettement\u00a0<strong>personnalis\u00e9<\/strong>, ou qui du fait de leur nature, ne peuvent \u00eatre r\u00e9exp\u00e9di\u00e9s ou sont susceptibles de se d\u00e9t\u00e9riorer ou de se p\u00e9rimer rapidement<\/li><\/ul>\n\n\n\n<h2 class=\"wp-block-heading\">Clause n\u00b0 7 : Retard de paiement<\/h2>\n\n\n\n<p>En cas de d\u00e9faut de paiement total ou partiel des marchandises livr\u00e9es \u00e0 l&rsquo;\u00e9ch\u00e9ance, l&rsquo;acheteur doit verser \u00e0 la soci\u00e9t\u00e9 Elswing  une p\u00e9nalit\u00e9 de retard \u00e9gale \u00e0 trois fois le taux de l&rsquo;int\u00e9r\u00eat l\u00e9gal.<\/p>\n\n\n\n<p>Le taux de l&rsquo;int\u00e9r\u00eat l\u00e9gal retenu est celui en vigueur au jour de la livraison des marchandises.<\/p>\n\n\n\n<p>A compter du 1er janvier 2015, le taux d&rsquo;int\u00e9r\u00eat l\u00e9gal sera r\u00e9vis\u00e9 tous les 6 mois&nbsp;(Ordonnance n\u00b02014-947 du 20 ao\u00fbt 2014).<\/p>\n\n\n\n<p>Cette p\u00e9nalit\u00e9 est calcul\u00e9e sur le montant TTC de la somme restant due, et court \u00e0 compter de la date d&rsquo;\u00e9ch\u00e9ance du prix sans qu&rsquo;aucune mise en demeure pr\u00e9alable ne soit n\u00e9cessaire.<\/p>\n\n\n\n<p>En sus des indemnit\u00e9s de retard, toute somme, y compris l\u2019acompte, non pay\u00e9e \u00e0 sa date d\u2019exigibilit\u00e9 produira de plein droit le paiement d\u2019une indemnit\u00e9 forfaitaire de 40 euros due au titre des frais de recouvrement.<\/p>\n\n\n\n<p>Articles 441-10 et D. 441-5 du code de commerce.<\/p>\n\n\n\n<h2 class=\"wp-block-heading\">Clause n\u00b0 8 : Clause r\u00e9solutoire<\/h2>\n\n\n\n<p>Si dans les quinze jours qui suivent la mise en oeuvre de la clause \u00ab\u00a0Retard de paiement\u00a0\u00bb, l&rsquo;acheteur ne s&rsquo;est pas acquitt\u00e9 des sommes restant dues, la vente sera r\u00e9solue de plein droit et pourra ouvrir droit \u00e0 l&rsquo;allocation de dommages et int\u00e9r\u00eats au profit de la soci\u00e9t\u00e9 Elswing<\/p>\n\n\n\n<h2 class=\"wp-block-heading\">Clause n\u00b0 9 : Clause de r\u00e9serve de propri\u00e9t\u00e9<\/h2>\n\n\n\n<p>La soci\u00e9t\u00e9 Elswing conserve la propri\u00e9t\u00e9 des biens vendus jusqu&rsquo;au paiement int\u00e9gral du prix, en principal et en accessoires. \u00c0 ce titre, si l&rsquo;acheteur fait l&rsquo;objet d&rsquo;un redressement ou d&rsquo;une liquidation judiciaire, la soci\u00e9t\u00e9 Elswing se r\u00e9serve le droit de revendiquer, dans le cadre de la proc\u00e9dure collective, les marchandises vendues et rest\u00e9es impay\u00e9es.<\/p>\n\n\n\n<h2 class=\"wp-block-heading\">Clause n\u00b0 10 : Livraison<\/h2>\n\n\n\n<p>La livraison est effectu\u00e9e :<\/p>\n\n\n\n<ul class=\"wp-block-list\"><li>soit par la remise directe de la marchandise \u00e0 l&rsquo;acheteur ;<\/li><li>soit par l&rsquo;envoi postal via les services postaux nationaux.<\/li><\/ul>\n\n\n\n<p>Le d\u00e9lai de livraison indiqu\u00e9 lors de l&rsquo;enregistrement de la commande n&rsquo;est donn\u00e9 qu&rsquo;\u00e0 titre indicatif et n&rsquo;est aucunement garanti.<\/p>\n\n\n\n<p>Par voie de cons\u00e9quence, tout retard raisonnable dans la livraison des produits ne pourra pas donner lieu au profit de l&rsquo;acheteur \u00e0 :<\/p>\n\n\n\n<ul class=\"wp-block-list\"><li>l&rsquo;allocation de dommages et int\u00e9r\u00eats ;<\/li><li>l&rsquo;annulation de la commande.<\/li><\/ul>\n\n\n\n<p>Le risque du transport est support\u00e9 en totalit\u00e9 par l&rsquo;acheteur.<\/p>\n\n\n\n<p>En cas de marchandises manquantes ou d\u00e9t\u00e9rior\u00e9es lors du transport, l&rsquo;acheteur devra formuler toutes les r\u00e9serves n\u00e9cessaires sur le bon de commande \u00e0 r\u00e9ception desdites marchandises. Ces r\u00e9serves devront \u00eatre, en outre, confirm\u00e9es par \u00e9crit dans les cinq jours suivant la livraison, par courrier recommand\u00e9 AR adress\u00e9 \u00e0 la soci\u00e9t\u00e9.<\/p>\n\n\n\n<h2 class=\"wp-block-heading\">Clause n\u00b0 11 : Force majeure<\/h2>\n\n\n\n<p>La responsabilit\u00e9 de la soci\u00e9t\u00e9 Elswing ne pourra pas \u00eatre mise en oeuvre si la non-ex\u00e9cution ou le retard dans l&rsquo;ex\u00e9cution de l&rsquo;une de ses obligations d\u00e9crites dans les pr\u00e9sentes conditions g\u00e9n\u00e9rales de vente d\u00e9coule d&rsquo;un cas de force majeure. \u00c0 ce titre, la force majeure s&rsquo;entend de tout \u00e9v\u00e9nement ext\u00e9rieur, impr\u00e9visible et irr\u00e9sistible au sens de l&rsquo;article 1148 du Code civil.<\/p>\n\n\n\n<h2 class=\"wp-block-heading\">Clause n\u00b0 12 : Tribunal comp\u00e9tent<\/h2>\n\n\n\n<p>Tout litige relatif \u00e0 l&rsquo;interpr\u00e9tation et \u00e0 l&rsquo;ex\u00e9cution des pr\u00e9sentes conditions g\u00e9n\u00e9rales de vente est soumis au droit fran\u00e7ais.<\/p>\n\n\n\n<p>\u00c0 d\u00e9faut de r\u00e9solution amiable, le litige sera port\u00e9 devant le Tribunal de commerce de Loire Atlantique .<\/p>\n\n\n\n<p>Fait \u00e0 La Bernerie en Retz (44760), le 01\/01\/2020<br><\/p>\n","protected":false},"excerpt":{"rendered":"<p>CONDITIONS GENERALES DE VENTE Applicables \u00e0 compter du 01\/01\/2020 Clause n\u00b0 1 : Objet et champ d&rsquo;application Les pr\u00e9sentes conditions g\u00e9n\u00e9rales de vente (CGV) constituent le socle de la n\u00e9gociation commerciale et sont syst\u00e9matiquement adress\u00e9es ou remises \u00e0 chaque acheteur pour lui permettre de passer commande. Les conditions g\u00e9n\u00e9rales de vente d\u00e9crites ci-apr\u00e8s d\u00e9taillent les &hellip; <\/p>\n<p class=\"link-more\"><a href=\"https:\/\/sitev2.elswing.fr\/index.php\/conditions-generales-de-ventes\/\" class=\"more-link\">Continuer la lecture<span class=\"screen-reader-text\"> de &laquo;&nbsp;Conditions G\u00e9n\u00e9rales de Ventes&nbsp;&raquo;<\/span><\/a><\/p>\n","protected":false},"author":1,"featured_media":0,"parent":0,"menu_order":0,"comment_status":"closed","ping_status":"closed","template":"","meta":{"footnotes":""},"class_list":["post-147","page","type-page","status-publish","hentry"],"_links":{"self":[{"href":"https:\/\/sitev2.elswing.fr\/index.php\/wp-json\/wp\/v2\/pages\/147","targetHints":{"allow":["GET"]}}],"collection":[{"href":"https:\/\/sitev2.elswing.fr\/index.php\/wp-json\/wp\/v2\/pages"}],"about":[{"href":"https:\/\/sitev2.elswing.fr\/index.php\/wp-json\/wp\/v2\/types\/page"}],"author":[{"embeddable":true,"href":"https:\/\/sitev2.elswing.fr\/index.php\/wp-json\/wp\/v2\/users\/1"}],"replies":[{"embeddable":true,"href":"https:\/\/sitev2.elswing.fr\/index.php\/wp-json\/wp\/v2\/comments?post=147"}],"version-history":[{"count":3,"href":"https:\/\/sitev2.elswing.fr\/index.php\/wp-json\/wp\/v2\/pages\/147\/revisions"}],"predecessor-version":[{"id":151,"href":"https:\/\/sitev2.elswing.fr\/index.php\/wp-json\/wp\/v2\/pages\/147\/revisions\/151"}],"wp:attachment":[{"href":"https:\/\/sitev2.elswing.fr\/index.php\/wp-json\/wp\/v2\/media?parent=147"}],"curies":[{"name":"wp","href":"https:\/\/api.w.org\/{rel}","templated":true}]}}