{"id":53,"date":"2022-05-16T15:49:30","date_gmt":"2022-05-16T13:49:30","guid":{"rendered":"http:\/\/sitev2.elswing.fr\/?page_id=53"},"modified":"2022-10-17T10:36:38","modified_gmt":"2022-10-17T08:36:38","slug":"accueil","status":"publish","type":"page","link":"https:\/\/sitev2.elswing.fr\/","title":{"rendered":"Bienvenue chez Elswing"},"content":{"rendered":"\n<div class=\"wp-block-columns is-layout-flex wp-container-core-columns-is-layout-9d6595d7 wp-block-columns-is-layout-flex\">\n<div class=\"wp-block-column is-layout-flow wp-block-column-is-layout-flow\" style=\"flex-basis:33.33%\"><div class=\"wp-block-image is-style-rounded\">\n<figure class=\"aligncenter size-full is-resized\"><img loading=\"lazy\" decoding=\"async\" src=\"https:\/\/sitev2.elswing.fr\/wp-content\/uploads\/2022\/05\/539320_496150037064900_988102614_n3.jpg\" alt=\"\" class=\"wp-image-100\" width=\"229\" height=\"304\" srcset=\"https:\/\/sitev2.elswing.fr\/wp-content\/uploads\/2022\/05\/539320_496150037064900_988102614_n3.jpg 720w, https:\/\/sitev2.elswing.fr\/wp-content\/uploads\/2022\/05\/539320_496150037064900_988102614_n3-225x300.jpg 225w\" sizes=\"auto, (max-width: 229px) 100vw, 229px\" \/><\/figure>\n<\/div><\/div>\n\n\n\n<div class=\"wp-block-column is-layout-flow wp-block-column-is-layout-flow\" style=\"flex-basis:66.66%\">\n<p>Elswing est une femme singuli\u00e8re aux multiples facettes. V\u00e9ritable ph\u00e9nom\u00e8ne d&rsquo;\u00e9nergie elle dompte ses talents depuis l&rsquo;enfance afin d&rsquo;accompagner le plus grand nombre dans un travail de m\u00e9tamorphose \u00e9nerg\u00e9tique et d&rsquo;amour.<\/p>\n\n\n\n<p>Tant\u00f4t f\u00e9e avec son canal Elswing, tant\u00f4t chamane avec Ella, elle travaille sur plusieurs plans et \u0153uvre tel un pont dans la pluralit\u00e9 des mondes.<\/p>\n\n\n\n<p>Sa grande connaissance de l&rsquo;invisible et la nettet\u00e9 de sa r\u00e9ceptivit\u00e9 font d&rsquo;elle un canal essentiel et une th\u00e9rapeute de qualit\u00e9.<\/p>\n<\/div>\n<\/div>\n\n\n\n<p>Que vous soyez en qu\u00eate d&rsquo;accompagnement, de d\u00e9veloppement ou de formation, Elswing mettra toutes ses comp\u00e9tences et qualit\u00e9s \u00e0 votre service. <\/p>\n\n\n\n<p>Elswing exerce dans le cadre de son autoentreprise enregistr\u00e9 sous le num\u00e9ro SIRET : <strong>52199680100051<\/strong><\/p>\n","protected":false},"excerpt":{"rendered":"<p>Elswing est une femme singuli\u00e8re aux multiples facettes. V\u00e9ritable ph\u00e9nom\u00e8ne d&rsquo;\u00e9nergie elle dompte ses talents depuis l&rsquo;enfance afin d&rsquo;accompagner le plus grand nombre dans un travail de m\u00e9tamorphose \u00e9nerg\u00e9tique et d&rsquo;amour. Tant\u00f4t f\u00e9e avec son canal Elswing, tant\u00f4t chamane avec Ella, elle travaille sur plusieurs plans et \u0153uvre tel un pont dans la pluralit\u00e9 des &hellip; <\/p>\n<p class=\"link-more\"><a href=\"https:\/\/sitev2.elswing.fr\/\" class=\"more-link\">Continuer la lecture<span class=\"screen-reader-text\"> de &laquo;&nbsp;Bienvenue chez Elswing&nbsp;&raquo;<\/span><\/a><\/p>\n","protected":false},"author":1,"featured_media":0,"parent":0,"menu_order":0,"comment_status":"closed","ping_status":"closed","template":"","meta":{"footnotes":""},"class_list":["post-53","page","type-page","status-publish","hentry"],"_links":{"self":[{"href":"https:\/\/sitev2.elswing.fr\/index.php\/wp-json\/wp\/v2\/pages\/53","targetHints":{"allow":["GET"]}}],"collection":[{"href":"https:\/\/sitev2.elswing.fr\/index.php\/wp-json\/wp\/v2\/pages"}],"about":[{"href":"https:\/\/sitev2.elswing.fr\/index.php\/wp-json\/wp\/v2\/types\/page"}],"author":[{"embeddable":true,"href":"https:\/\/sitev2.elswing.fr\/index.php\/wp-json\/wp\/v2\/users\/1"}],"replies":[{"embeddable":true,"href":"https:\/\/sitev2.elswing.fr\/index.php\/wp-json\/wp\/v2\/comments?post=53"}],"version-history":[{"count":8,"href":"https:\/\/sitev2.elswing.fr\/index.php\/wp-json\/wp\/v2\/pages\/53\/revisions"}],"predecessor-version":[{"id":212,"href":"https:\/\/sitev2.elswing.fr\/index.php\/wp-json\/wp\/v2\/pages\/53\/revisions\/212"}],"wp:attachment":[{"href":"https:\/\/sitev2.elswing.fr\/index.php\/wp-json\/wp\/v2\/media?parent=53"}],"curies":[{"name":"wp","href":"https:\/\/api.w.org\/{rel}","templated":true}]}}